{"id":1897,"date":"2020-04-15T10:15:00","date_gmt":"2020-04-15T10:15:00","guid":{"rendered":"https:\/\/hub.ctr-l.com\/?page_id=1897"},"modified":"2021-02-16T18:15:45","modified_gmt":"2021-02-16T18:15:45","slug":"properties","status":"publish","type":"page","link":"https:\/\/hub.ctr-l.com\/?page_id=1897","title":{"rendered":"Properties"},"content":{"rendered":"\t\t<div data-elementor-type=\"wp-page\" data-elementor-id=\"1897\" class=\"elementor elementor-1897\">\n\t\t\t\t\t\t<section class=\"elementor-section elementor-top-section elementor-element elementor-element-5e783be elementor-section-boxed elementor-section-height-default elementor-section-height-default\" data-id=\"5e783be\" data-element_type=\"section\" data-e-type=\"section\" data-settings=\"{&quot;background_background&quot;:&quot;classic&quot;}\">\n\t\t\t\t\t\t\t<div class=\"elementor-background-overlay\"><\/div>\n\t\t\t\t\t\t\t<div class=\"elementor-container elementor-column-gap-default\">\n\t\t\t\t\t<div class=\"elementor-column elementor-col-100 elementor-top-column elementor-element elementor-element-bf5924a\" data-id=\"bf5924a\" data-element_type=\"column\" data-e-type=\"column\">\n\t\t\t<div class=\"elementor-widget-wrap elementor-element-populated\">\n\t\t\t\t\t\t<div class=\"elementor-element elementor-element-1d4e7da elementor-widget elementor-widget-rt-title-animated\" data-id=\"1d4e7da\" data-element_type=\"widget\" data-e-type=\"widget\" data-widget_type=\"rt-title-animated.default\">\n\t\t\t\t<div class=\"elementor-widget-container\">\n\t\t\t\t\t<div class=\"rt-el-title-animated\">\n\t<h1 class=\"rtin-title\"><span class=\"title-typejs\" data-options=\"{&quot;strings&quot;:[&quot;Find Your Next Flat or Property&quot;],&quot;typeSpeed&quot;:80,&quot;loop&quot;:true,&quot;showCursor&quot;:false,&quot;contentType&quot;:null}\"><\/span>&nbsp;<\/h1>\n\t\t\t<p class=\"rtin-subtitle\">Search over 50,000 Properties for Free<\/p>\n\t<\/div>\t\t\t\t<\/div>\n\t\t\t\t<\/div>\n\t\t\t\t\t<\/div>\n\t\t<\/div>\n\t\t\t\t\t<\/div>\n\t\t<\/section>\n\t\t\t\t<section class=\"elementor-section elementor-top-section elementor-element elementor-element-7081049 elementor-section-boxed elementor-section-height-default elementor-section-height-default\" data-id=\"7081049\" data-element_type=\"section\" data-e-type=\"section\" data-settings=\"{&quot;background_background&quot;:&quot;classic&quot;}\">\n\t\t\t\t\t\t<div class=\"elementor-container elementor-column-gap-default\">\n\t\t\t\t\t<div class=\"elementor-column elementor-col-100 elementor-top-column elementor-element elementor-element-aea45cb\" data-id=\"aea45cb\" data-element_type=\"column\" data-e-type=\"column\">\n\t\t\t<div class=\"elementor-widget-wrap\">\n\t\t\t\t\t\t\t<\/div>\n\t\t<\/div>\n\t\t\t\t\t<\/div>\n\t\t<\/section>\n\t\t\t\t<section class=\"elementor-section elementor-top-section elementor-element elementor-element-8392899 elementor-section-boxed elementor-section-height-default elementor-section-height-default\" data-id=\"8392899\" data-element_type=\"section\" data-e-type=\"section\" data-settings=\"{&quot;background_background&quot;:&quot;classic&quot;}\">\n\t\t\t\t\t\t<div class=\"elementor-container elementor-column-gap-default\">\n\t\t\t\t\t<div class=\"elementor-column elementor-col-100 elementor-top-column elementor-element elementor-element-d3d8a73\" data-id=\"d3d8a73\" data-element_type=\"column\" data-e-type=\"column\">\n\t\t\t<div class=\"elementor-widget-wrap elementor-element-populated\">\n\t\t\t\t\t\t<div class=\"elementor-element elementor-element-a4af9be elementor-widget elementor-widget-rt-title\" data-id=\"a4af9be\" data-element_type=\"widget\" data-e-type=\"widget\" data-widget_type=\"rt-title.default\">\n\t\t\t\t<div class=\"elementor-widget-container\">\n\t\t\t\t\t<div class=\"rt-el-title rtin-style-3\">\n\t\t<h2 class=\"rtin-title\">Buy &amp; Sell Properties on online<\/h2>\n<\/div>\t\t\t\t<\/div>\n\t\t\t\t<\/div>\n\t\t\t\t\t<\/div>\n\t\t<\/div>\n\t\t\t\t\t<\/div>\n\t\t<\/section>\n\t\t\t\t<section class=\"elementor-section elementor-top-section elementor-element elementor-element-eee9170 elementor-section-boxed elementor-section-height-default elementor-section-height-default\" data-id=\"eee9170\" data-element_type=\"section\" data-e-type=\"section\" data-settings=\"{&quot;background_background&quot;:&quot;classic&quot;}\">\n\t\t\t\t\t\t<div class=\"elementor-container elementor-column-gap-default\">\n\t\t\t\t\t<div class=\"elementor-column elementor-col-100 elementor-top-column elementor-element elementor-element-5ead08b\" data-id=\"5ead08b\" data-element_type=\"column\" data-e-type=\"column\">\n\t\t\t<div class=\"elementor-widget-wrap\">\n\t\t\t\t\t\t\t<\/div>\n\t\t<\/div>\n\t\t\t\t\t<\/div>\n\t\t<\/section>\n\t\t\t\t<section class=\"elementor-section elementor-top-section elementor-element elementor-element-132680b elementor-section-boxed elementor-section-height-default elementor-section-height-default\" data-id=\"132680b\" data-element_type=\"section\" data-e-type=\"section\">\n\t\t\t\t\t\t<div class=\"elementor-container elementor-column-gap-default\">\n\t\t\t\t\t<div class=\"elementor-column elementor-col-100 elementor-top-column elementor-element elementor-element-bb86fce\" data-id=\"bb86fce\" data-element_type=\"column\" data-e-type=\"column\">\n\t\t\t<div class=\"elementor-widget-wrap elementor-element-populated\">\n\t\t\t\t\t\t<div class=\"elementor-element elementor-element-2085b91 elementor-widget elementor-widget-rt-title\" data-id=\"2085b91\" data-element_type=\"widget\" data-e-type=\"widget\" data-widget_type=\"rt-title.default\">\n\t\t\t\t<div class=\"elementor-widget-container\">\n\t\t\t\t\t<div class=\"rt-el-title rtin-style-2\">\n\t<h2 class=\"rtin-title\">Browse Top Cities<\/h2>\n\t<\/div>\t\t\t\t<\/div>\n\t\t\t\t<\/div>\n\t\t\t\t\t<\/div>\n\t\t<\/div>\n\t\t\t\t\t<\/div>\n\t\t<\/section>\n\t\t\t\t<section class=\"elementor-section elementor-top-section elementor-element elementor-element-353fb73 elementor-section-boxed elementor-section-height-default elementor-section-height-default\" data-id=\"353fb73\" data-element_type=\"section\" data-e-type=\"section\">\n\t\t\t\t\t\t<div class=\"elementor-container elementor-column-gap-default\">\n\t\t\t\t\t<div class=\"elementor-column elementor-col-33 elementor-top-column elementor-element elementor-element-304d0f3\" data-id=\"304d0f3\" data-element_type=\"column\" data-e-type=\"column\" data-settings=\"{&quot;background_background&quot;:&quot;classic&quot;}\">\n\t\t\t<div class=\"elementor-widget-wrap\">\n\t\t\t\t\t<div class=\"elementor-background-overlay\"><\/div>\n\t\t\t\t\t\t\t<\/div>\n\t\t<\/div>\n\t\t\t\t<div class=\"elementor-column elementor-col-33 elementor-top-column elementor-element elementor-element-9f0fd93\" data-id=\"9f0fd93\" data-element_type=\"column\" data-e-type=\"column\">\n\t\t\t<div class=\"elementor-widget-wrap\">\n\t\t\t\t\t\t\t<\/div>\n\t\t<\/div>\n\t\t\t\t<div class=\"elementor-column elementor-col-33 elementor-top-column elementor-element elementor-element-8b89204\" data-id=\"8b89204\" data-element_type=\"column\" data-e-type=\"column\">\n\t\t\t<div class=\"elementor-widget-wrap\">\n\t\t\t\t\t\t\t<\/div>\n\t\t<\/div>\n\t\t\t\t\t<\/div>\n\t\t<\/section>\n\t\t\t\t<section class=\"elementor-section elementor-top-section elementor-element elementor-element-3ef5369 elementor-section-boxed elementor-section-height-default elementor-section-height-default\" data-id=\"3ef5369\" data-element_type=\"section\" data-e-type=\"section\">\n\t\t\t\t\t\t<div class=\"elementor-container elementor-column-gap-default\">\n\t\t\t\t\t<div class=\"elementor-column elementor-col-33 elementor-top-column elementor-element elementor-element-6d28d40\" data-id=\"6d28d40\" data-element_type=\"column\" data-e-type=\"column\">\n\t\t\t<div class=\"elementor-widget-wrap\">\n\t\t\t\t\t\t\t<\/div>\n\t\t<\/div>\n\t\t\t\t<div class=\"elementor-column elementor-col-33 elementor-top-column elementor-element elementor-element-a1a09fe\" data-id=\"a1a09fe\" data-element_type=\"column\" data-e-type=\"column\">\n\t\t\t<div class=\"elementor-widget-wrap\">\n\t\t\t\t\t\t\t<\/div>\n\t\t<\/div>\n\t\t\t\t<div class=\"elementor-column elementor-col-33 elementor-top-column elementor-element elementor-element-e1093c5\" data-id=\"e1093c5\" data-element_type=\"column\" data-e-type=\"column\">\n\t\t\t<div class=\"elementor-widget-wrap\">\n\t\t\t\t\t\t\t<\/div>\n\t\t<\/div>\n\t\t\t\t\t<\/div>\n\t\t<\/section>\n\t\t\t\t<section class=\"elementor-section elementor-top-section elementor-element elementor-element-0547a07 elementor-section-boxed elementor-section-height-default elementor-section-height-default\" data-id=\"0547a07\" data-element_type=\"section\" data-e-type=\"section\" data-settings=\"{&quot;background_background&quot;:&quot;classic&quot;}\">\n\t\t\t\t\t\t\t<div class=\"elementor-background-overlay\"><\/div>\n\t\t\t\t\t\t\t<div class=\"elementor-container elementor-column-gap-default\">\n\t\t\t\t\t<div class=\"elementor-column elementor-col-100 elementor-top-column elementor-element elementor-element-c6ecc46\" data-id=\"c6ecc46\" data-element_type=\"column\" data-e-type=\"column\">\n\t\t\t<div class=\"elementor-widget-wrap elementor-element-populated\">\n\t\t\t\t\t\t<div class=\"elementor-element elementor-element-f096970 elementor-widget elementor-widget-rt-cta\" data-id=\"f096970\" data-element_type=\"widget\" data-e-type=\"widget\" data-widget_type=\"rt-cta.default\">\n\t\t\t\t<div class=\"elementor-widget-container\">\n\t\t\t\t\t<div class=\"rt-el-cta-2\">\n    <div class=\"rtin-content\">\n        <h2 class=\"rtin-title\">Discover Our Flats &amp; Properties<\/h2>\n        <p class=\"rtin-subtitle\">Dhen an unknown printer took a galley of type and scrambled it to make \ntype specimen book. It has survived notcenturi<\/p>\n        <div class=\"rtin-btn\">\n            <a href=\"#\">See All Listings<\/a>        <\/div>\n    <\/div>\n<\/div>\t\t\t\t<\/div>\n\t\t\t\t<\/div>\n\t\t\t\t\t<\/div>\n\t\t<\/div>\n\t\t\t\t\t<\/div>\n\t\t<\/section>\n\t\t\t\t<section class=\"elementor-section elementor-top-section elementor-element elementor-element-9e1ba89 elementor-section-boxed elementor-section-height-default elementor-section-height-default\" data-id=\"9e1ba89\" data-element_type=\"section\" data-e-type=\"section\">\n\t\t\t\t\t\t<div class=\"elementor-container elementor-column-gap-default\">\n\t\t\t\t\t<div class=\"elementor-column elementor-col-100 elementor-top-column elementor-element elementor-element-ce4d4e3\" data-id=\"ce4d4e3\" data-element_type=\"column\" data-e-type=\"column\">\n\t\t\t<div class=\"elementor-widget-wrap elementor-element-populated\">\n\t\t\t\t\t\t<div class=\"elementor-element elementor-element-e9ae184 elementor-widget elementor-widget-rt-title\" data-id=\"e9ae184\" data-element_type=\"widget\" data-e-type=\"widget\" data-widget_type=\"rt-title.default\">\n\t\t\t\t<div class=\"elementor-widget-container\">\n\t\t\t\t\t<div class=\"rt-el-title rtin-style-4\">\n\t<h2 class=\"rtin-title\">Quick And Easy Search<\/h2>\n\t<\/div>\t\t\t\t<\/div>\n\t\t\t\t<\/div>\n\t\t\t\t\t<\/div>\n\t\t<\/div>\n\t\t\t\t\t<\/div>\n\t\t<\/section>\n\t\t\t\t<section class=\"elementor-section elementor-top-section elementor-element elementor-element-c6e15a0 elementor-section-boxed elementor-section-height-default elementor-section-height-default\" data-id=\"c6e15a0\" data-element_type=\"section\" data-e-type=\"section\">\n\t\t\t\t\t\t<div class=\"elementor-container elementor-column-gap-default\">\n\t\t\t\t\t<div class=\"elementor-column elementor-col-33 elementor-top-column elementor-element elementor-element-915c3de\" data-id=\"915c3de\" data-element_type=\"column\" data-e-type=\"column\">\n\t\t\t<div class=\"elementor-widget-wrap elementor-element-populated\">\n\t\t\t\t\t\t<div class=\"elementor-element elementor-element-9ed0ed2 elementor-widget elementor-widget-rt-info-box\" data-id=\"9ed0ed2\" data-element_type=\"widget\" data-e-type=\"widget\" data-widget_type=\"rt-info-box.default\">\n\t\t\t\t<div class=\"elementor-widget-container\">\n\t\t\t\t\t\n\n    <div class=\"rt-el-info-box-2\">\n                    <div class=\"rtin-number\">01.<\/div>\n                <div class=\"rtin-icon\"><i class=\"fa fa-list\" aria-hidden=\"true\"><\/i><\/div>\n        <div class=\"rtin-content\">\n            <h3 class=\"rtin-title\">Choose a Category<\/h3>\n                    <\/div>\n    <\/div>\n\n\t\t\t\t<\/div>\n\t\t\t\t<\/div>\n\t\t\t\t\t<\/div>\n\t\t<\/div>\n\t\t\t\t<div class=\"elementor-column elementor-col-33 elementor-top-column elementor-element elementor-element-31592ac\" data-id=\"31592ac\" data-element_type=\"column\" data-e-type=\"column\">\n\t\t\t<div class=\"elementor-widget-wrap elementor-element-populated\">\n\t\t\t\t\t\t<div class=\"elementor-element elementor-element-40076f0 elementor-widget elementor-widget-rt-info-box\" data-id=\"40076f0\" data-element_type=\"widget\" data-e-type=\"widget\" data-widget_type=\"rt-info-box.default\">\n\t\t\t\t<div class=\"elementor-widget-container\">\n\t\t\t\t\t\n\n    <div class=\"rt-el-info-box-2\">\n                    <div class=\"rtin-number\">02.<\/div>\n                <div class=\"rtin-icon\"><i class=\"fa fa-map-marker\" aria-hidden=\"true\"><\/i><\/div>\n        <div class=\"rtin-content\">\n            <h3 class=\"rtin-title\">\tFind Locations<\/h3>\n                    <\/div>\n    <\/div>\n\n\t\t\t\t<\/div>\n\t\t\t\t<\/div>\n\t\t\t\t\t<\/div>\n\t\t<\/div>\n\t\t\t\t<div class=\"elementor-column elementor-col-33 elementor-top-column elementor-element elementor-element-3906ad3\" data-id=\"3906ad3\" data-element_type=\"column\" data-e-type=\"column\">\n\t\t\t<div class=\"elementor-widget-wrap elementor-element-populated\">\n\t\t\t\t\t\t<div class=\"elementor-element elementor-element-752e487 elementor-widget elementor-widget-rt-info-box\" data-id=\"752e487\" data-element_type=\"widget\" data-e-type=\"widget\" data-widget_type=\"rt-info-box.default\">\n\t\t\t\t<div class=\"elementor-widget-container\">\n\t\t\t\t\t\n\n    <div class=\"rt-el-info-box-2\">\n                    <div class=\"rtin-number\">03.<\/div>\n                <div class=\"rtin-icon\"><i class=\"fa fa-location-arrow\" aria-hidden=\"true\"><\/i><\/div>\n        <div class=\"rtin-content\">\n            <h3 class=\"rtin-title\">Go Out &amp; Explore<\/h3>\n                    <\/div>\n    <\/div>\n\n\t\t\t\t<\/div>\n\t\t\t\t<\/div>\n\t\t\t\t\t<\/div>\n\t\t<\/div>\n\t\t\t\t\t<\/div>\n\t\t<\/section>\n\t\t\t\t<section class=\"elementor-section elementor-top-section elementor-element elementor-element-50730a1 elementor-section-boxed elementor-section-height-default elementor-section-height-default\" data-id=\"50730a1\" data-element_type=\"section\" data-e-type=\"section\" data-settings=\"{&quot;background_background&quot;:&quot;classic&quot;}\">\n\t\t\t\t\t\t<div class=\"elementor-container elementor-column-gap-default\">\n\t\t\t\t\t<div class=\"elementor-column elementor-col-100 elementor-top-column elementor-element elementor-element-354ed9d\" data-id=\"354ed9d\" data-element_type=\"column\" data-e-type=\"column\">\n\t\t\t<div class=\"elementor-widget-wrap elementor-element-populated\">\n\t\t\t\t\t\t<div class=\"elementor-element elementor-element-59ccad6 elementor-widget elementor-widget-rt-title\" data-id=\"59ccad6\" data-element_type=\"widget\" data-e-type=\"widget\" data-widget_type=\"rt-title.default\">\n\t\t\t\t<div class=\"elementor-widget-container\">\n\t\t\t\t\t<div class=\"rt-el-title rtin-style-2\">\n\t<h2 class=\"rtin-title\">Latest News &amp; Blog<\/h2>\n\t<\/div>\t\t\t\t<\/div>\n\t\t\t\t<\/div>\n\t\t\t\t\t<\/div>\n\t\t<\/div>\n\t\t\t\t\t<\/div>\n\t\t<\/section>\n\t\t\t\t<section class=\"elementor-section elementor-top-section elementor-element elementor-element-b529103 elementor-section-boxed elementor-section-height-default elementor-section-height-default\" data-id=\"b529103\" data-element_type=\"section\" data-e-type=\"section\" data-settings=\"{&quot;background_background&quot;:&quot;classic&quot;}\">\n\t\t\t\t\t\t<div class=\"elementor-container elementor-column-gap-default\">\n\t\t\t\t\t<div class=\"elementor-column elementor-col-100 elementor-top-column elementor-element elementor-element-7ef4e7d\" data-id=\"7ef4e7d\" data-element_type=\"column\" data-e-type=\"column\">\n\t\t\t<div class=\"elementor-widget-wrap elementor-element-populated\">\n\t\t\t\t\t\t<div class=\"elementor-element elementor-element-0aa9698 elementor-widget elementor-widget-rt-post\" data-id=\"0aa9698\" data-element_type=\"widget\" data-e-type=\"widget\" data-widget_type=\"rt-post.default\">\n\t\t\t\t<div class=\"elementor-widget-container\">\n\t\t\t\t\t<div class=\"rt-el-post-3\">\n\t\t\t<div class=\"row\">\n\t\t\t\t\t\t\t\t\t\t\t<div class=\"col-md-4 col-12\">\n\t\t\t\t\t<div class=\"rtin-each\">\n\t\t\t\t\t\t\t\t\t\t\t\t\t<div class=\"post-thumbnail\">\n\t\t\t\t\t\t\t\t<a href=\"https:\/\/hub.ctr-l.com\/?p=7089\"><img fetchpriority=\"high\" decoding=\"async\" width=\"450\" height=\"260\" src=\"https:\/\/hub.ctr-l.com\/wp-content\/uploads\/2021\/02\/4081-450x260.jpg\" class=\"attachment-rdtheme-size2 size-rdtheme-size2 wp-post-image\" alt=\"\" \/><\/a>\n\t\t\t\t\t\t\t<\/div>\n\t\t\t\t\t\t\n\t\t\t\t\t\t<div class=\"rtin-content-area\">\n\t\t\t\t\t\t\t<div class=\"post-date\"><span class=\"updated published\">\u015eubat 10, 2021<\/span><\/div>\n\t\t\t\t\t\t\t<h3 class=\"post-title\"><a href=\"https:\/\/hub.ctr-l.com\/?p=7089\">Idaho Top Categories<\/a><\/h3>\n\t\t\t\t\t\t\t\t\t\t\t\t\t\t\t<div class=\"post-meta\">\n\t\t\t\t\t\t\t\t\t<div class=\"post-author\">\n                                        <h3 class=\"author-name\"><i class=\"fa fa-user\" aria-hidden=\"true\"><\/i> By <a href=\"https:\/\/hub.ctr-l.com\/?author=1\" title=\"hubctrl taraf\u0131ndan yaz\u0131lan yaz\u0131lar\" rel=\"author\">hubctrl<\/a><\/h3>\n\t\t\t\t\t\t\t\t\t<\/div>\n\t\t\t\t\t\t\t\t<\/div>\n\t\t\t\t\t\t\t\t\t\t\t\t\t<\/div>\n\n\t\t\t\t\t<\/div>\n\t\t\t\t<\/div>\n\t\t\t\t\t\t\t\t\t\t\t<div class=\"col-md-4 col-12\">\n\t\t\t\t\t<div class=\"rtin-each\">\n\t\t\t\t\t\t\t\t\t\t\t\t\t<div class=\"post-thumbnail\">\n\t\t\t\t\t\t\t\t<a href=\"https:\/\/hub.ctr-l.com\/?p=7087\"><img fetchpriority=\"high\" decoding=\"async\" width=\"450\" height=\"260\" src=\"https:\/\/hub.ctr-l.com\/wp-content\/uploads\/2021\/02\/4081-450x260.jpg\" class=\"attachment-rdtheme-size2 size-rdtheme-size2 wp-post-image\" alt=\"\" \/><\/a>\n\t\t\t\t\t\t\t<\/div>\n\t\t\t\t\t\t\n\t\t\t\t\t\t<div class=\"rtin-content-area\">\n\t\t\t\t\t\t\t<div class=\"post-date\"><span class=\"updated published\">\u015eubat 10, 2021<\/span><\/div>\n\t\t\t\t\t\t\t<h3 class=\"post-title\"><a href=\"https:\/\/hub.ctr-l.com\/?p=7087\">Hawaii Top Categories<\/a><\/h3>\n\t\t\t\t\t\t\t\t\t\t\t\t\t\t\t<div class=\"post-meta\">\n\t\t\t\t\t\t\t\t\t<div class=\"post-author\">\n                                        <h3 class=\"author-name\"><i class=\"fa fa-user\" aria-hidden=\"true\"><\/i> By <a href=\"https:\/\/hub.ctr-l.com\/?author=1\" title=\"hubctrl taraf\u0131ndan yaz\u0131lan yaz\u0131lar\" rel=\"author\">hubctrl<\/a><\/h3>\n\t\t\t\t\t\t\t\t\t<\/div>\n\t\t\t\t\t\t\t\t<\/div>\n\t\t\t\t\t\t\t\t\t\t\t\t\t<\/div>\n\n\t\t\t\t\t<\/div>\n\t\t\t\t<\/div>\n\t\t\t\t\t\t\t\t\t\t\t<div class=\"col-md-4 col-12\">\n\t\t\t\t\t<div class=\"rtin-each\">\n\t\t\t\t\t\t\t\t\t\t\t\t\t<div class=\"post-thumbnail\">\n\t\t\t\t\t\t\t\t<a href=\"https:\/\/hub.ctr-l.com\/?p=7085\"><img fetchpriority=\"high\" decoding=\"async\" width=\"450\" height=\"260\" src=\"https:\/\/hub.ctr-l.com\/wp-content\/uploads\/2021\/02\/4081-450x260.jpg\" class=\"attachment-rdtheme-size2 size-rdtheme-size2 wp-post-image\" alt=\"\" \/><\/a>\n\t\t\t\t\t\t\t<\/div>\n\t\t\t\t\t\t\n\t\t\t\t\t\t<div class=\"rtin-content-area\">\n\t\t\t\t\t\t\t<div class=\"post-date\"><span class=\"updated published\">\u015eubat 10, 2021<\/span><\/div>\n\t\t\t\t\t\t\t<h3 class=\"post-title\"><a href=\"https:\/\/hub.ctr-l.com\/?p=7085\">Georgia Top Categories<\/a><\/h3>\n\t\t\t\t\t\t\t\t\t\t\t\t\t\t\t<div class=\"post-meta\">\n\t\t\t\t\t\t\t\t\t<div class=\"post-author\">\n                                        <h3 class=\"author-name\"><i class=\"fa fa-user\" aria-hidden=\"true\"><\/i> By <a href=\"https:\/\/hub.ctr-l.com\/?author=1\" title=\"hubctrl taraf\u0131ndan yaz\u0131lan yaz\u0131lar\" rel=\"author\">hubctrl<\/a><\/h3>\n\t\t\t\t\t\t\t\t\t<\/div>\n\t\t\t\t\t\t\t\t<\/div>\n\t\t\t\t\t\t\t\t\t\t\t\t\t<\/div>\n\n\t\t\t\t\t<\/div>\n\t\t\t\t<\/div>\n\t\t\t\t\t<\/div>\n\t\t<\/div>\t\t\t\t<\/div>\n\t\t\t\t<\/div>\n\t\t\t\t\t<\/div>\n\t\t<\/div>\n\t\t\t\t\t<\/div>\n\t\t<\/section>\n\t\t\t\t<section class=\"elementor-section elementor-top-section elementor-element elementor-element-f577459 elementor-section-boxed elementor-section-height-default elementor-section-height-default\" data-id=\"f577459\" data-element_type=\"section\" data-e-type=\"section\" data-settings=\"{&quot;background_background&quot;:&quot;classic&quot;}\">\n\t\t\t\t\t\t<div class=\"elementor-container elementor-column-gap-default\">\n\t\t\t\t\t<div class=\"elementor-column elementor-col-100 elementor-top-column elementor-element elementor-element-b62007f\" data-id=\"b62007f\" data-element_type=\"column\" data-e-type=\"column\">\n\t\t\t<div class=\"elementor-widget-wrap elementor-element-populated\">\n\t\t\t\t\t\t<div class=\"elementor-element elementor-element-d5103f2 elementor-widget elementor-widget-rt-title\" data-id=\"d5103f2\" data-element_type=\"widget\" data-e-type=\"widget\" data-widget_type=\"rt-title.default\">\n\t\t\t\t<div class=\"elementor-widget-container\">\n\t\t\t\t\t<div class=\"rt-el-title rtin-style-4\">\n\t<h2 class=\"rtin-title\">Our Satisfied Users<\/h2>\n\t<\/div>\t\t\t\t<\/div>\n\t\t\t\t<\/div>\n\t\t\t\t\t<\/div>\n\t\t<\/div>\n\t\t\t\t\t<\/div>\n\t\t<\/section>\n\t\t\t\t<section class=\"elementor-section elementor-top-section elementor-element elementor-element-a5a1f60 elementor-section-boxed elementor-section-height-default elementor-section-height-default\" data-id=\"a5a1f60\" data-element_type=\"section\" data-e-type=\"section\" data-settings=\"{&quot;background_background&quot;:&quot;classic&quot;}\">\n\t\t\t\t\t\t<div class=\"elementor-container elementor-column-gap-default\">\n\t\t\t\t\t<div class=\"elementor-column elementor-col-50 elementor-top-column elementor-element elementor-element-08da19e\" data-id=\"08da19e\" data-element_type=\"column\" data-e-type=\"column\">\n\t\t\t<div class=\"elementor-widget-wrap elementor-element-populated\">\n\t\t\t\t\t\t<div class=\"elementor-element elementor-element-b153724 elementor-widget elementor-widget-rt-testimonial-1\" data-id=\"b153724\" data-element_type=\"widget\" data-e-type=\"widget\" data-widget_type=\"rt-testimonial-1.default\">\n\t\t\t\t<div class=\"elementor-widget-container\">\n\t\t\t\t\t<div class=\"rt-el-testimonial-3\">\n            <div class=\"rtin-thumb\"><\/div>\n        <h3 class=\"rtin-name\">Nancy Rose<\/h3>\n            <div class=\"rtin-designation\">Architecture<\/div>\n    \t<p class=\"rtin-content\">\n<\/p>\n<\/div>\t\t\t\t<\/div>\n\t\t\t\t<\/div>\n\t\t\t\t\t<\/div>\n\t\t<\/div>\n\t\t\t\t<div class=\"elementor-column elementor-col-50 elementor-top-column elementor-element elementor-element-38a3652\" data-id=\"38a3652\" data-element_type=\"column\" data-e-type=\"column\">\n\t\t\t<div class=\"elementor-widget-wrap elementor-element-populated\">\n\t\t\t\t\t\t<div class=\"elementor-element elementor-element-7de22ee elementor-widget elementor-widget-rt-testimonial-1\" data-id=\"7de22ee\" data-element_type=\"widget\" data-e-type=\"widget\" data-widget_type=\"rt-testimonial-1.default\">\n\t\t\t\t<div class=\"elementor-widget-container\">\n\t\t\t\t\t<div class=\"rt-el-testimonial-3\">\n            <div class=\"rtin-thumb\"><\/div>\n        <h3 class=\"rtin-name\">Jack Smith<\/h3>\n            <div class=\"rtin-designation\">Architecture<\/div>\n    \t<p class=\"rtin-content\"><\/p>\n<\/div>\t\t\t\t<\/div>\n\t\t\t\t<\/div>\n\t\t\t\t\t<\/div>\n\t\t<\/div>\n\t\t\t\t\t<\/div>\n\t\t<\/section>\n\t\t\t\t<section class=\"elementor-section elementor-top-section elementor-element elementor-element-cb60108 elementor-section-boxed elementor-section-height-default elementor-section-height-default\" data-id=\"cb60108\" data-element_type=\"section\" data-e-type=\"section\" data-settings=\"{&quot;background_background&quot;:&quot;gradient&quot;}\">\n\t\t\t\t\t\t<div class=\"elementor-container elementor-column-gap-default\">\n\t\t\t\t\t<div class=\"elementor-column elementor-col-100 elementor-top-column elementor-element elementor-element-6b65add\" data-id=\"6b65add\" data-element_type=\"column\" data-e-type=\"column\">\n\t\t\t<div class=\"elementor-widget-wrap elementor-element-populated\">\n\t\t\t\t\t\t<div class=\"elementor-element elementor-element-200d010 elementor-widget elementor-widget-rt-app-banner\" data-id=\"200d010\" data-element_type=\"widget\" data-e-type=\"widget\" data-widget_type=\"rt-app-banner.default\">\n\t\t\t\t<div class=\"elementor-widget-container\">\n\t\t\t\t\t<div class=\"app-banner\">\n\t<div class=\"row\">\n        <div class=\"col-lg-6 col-sm-12 col-12\">\n            <div class=\"banner-content\">\n                <h2 class=\"item-title\">Our App Available Now<\/h2>\n                <p><\/p>\n                <div class=\"download-btn\">\n                    <a><div class=\"item-text\">Get it on<span>Google Play Store<\/span><\/div><div class=\"item-icon\"><i class=\"fa fa-android\"><\/i><\/div><\/a>                    <a><div class=\"item-text\">Get it on<span>Apple Apps Store<\/span><\/div><div class=\"item-icon\"><i class=\"fa fa-apple\"><\/i><\/div><\/a>                <\/div>\n            <\/div>\n        <\/div>\n                    <div class=\"col-lg-6 d-none d-sm-block\">\n                <div class=\"banner-img\">\n                    <div class=\"item-img\">\n                                            <\/div>\n                                            <div class=\"bg-shape\">\n                                                    <\/div>\n                                    <\/div>\n            <\/div>\n        \t<\/div>\n<\/div>\t\t\t\t<\/div>\n\t\t\t\t<\/div>\n\t\t\t\t\t<\/div>\n\t\t<\/div>\n\t\t\t\t\t<\/div>\n\t\t<\/section>\n\t\t\t\t<\/div>\n\t\t","protected":false},"excerpt":{"rendered":"<p>&nbsp; Search over 50,000 Properties for Free Search Featured Properties For Buy Best Ad Listing and Directory Website 10 months ago Port Chester, New York &#36;1,500 For Sell Best Ad Listing and Directory Website 10 months ago Bakersfield, California &#36;250,000 For To-Let Best Ad Listing and Directory Website 10 months ago Port Chester, New York &#8230;<\/p>\n","protected":false},"author":1,"featured_media":0,"parent":0,"menu_order":0,"comment_status":"closed","ping_status":"closed","template":"elementor_header_footer","meta":{"footnotes":""},"class_list":["post-1897","page","type-page","status-publish","hentry"],"_links":{"self":[{"href":"https:\/\/hub.ctr-l.com\/index.php?rest_route=\/wp\/v2\/pages\/1897","targetHints":{"allow":["GET"]}}],"collection":[{"href":"https:\/\/hub.ctr-l.com\/index.php?rest_route=\/wp\/v2\/pages"}],"about":[{"href":"https:\/\/hub.ctr-l.com\/index.php?rest_route=\/wp\/v2\/types\/page"}],"author":[{"embeddable":true,"href":"https:\/\/hub.ctr-l.com\/index.php?rest_route=\/wp\/v2\/users\/1"}],"replies":[{"embeddable":true,"href":"https:\/\/hub.ctr-l.com\/index.php?rest_route=%2Fwp%2Fv2%2Fcomments&post=1897"}],"version-history":[{"count":0,"href":"https:\/\/hub.ctr-l.com\/index.php?rest_route=\/wp\/v2\/pages\/1897\/revisions"}],"wp:attachment":[{"href":"https:\/\/hub.ctr-l.com\/index.php?rest_route=%2Fwp%2Fv2%2Fmedia&parent=1897"}],"curies":[{"name":"wp","href":"https:\/\/api.w.org\/{rel}","templated":true}]}}