{"id":802,"date":"2018-10-22T09:19:41","date_gmt":"2018-10-22T09:19:41","guid":{"rendered":"https:\/\/hub.ctr-l.com\/?page_id=802"},"modified":"2024-07-20T16:29:04","modified_gmt":"2024-07-20T16:29:04","slug":"home-2","status":"publish","type":"page","link":"https:\/\/hub.ctr-l.com\/","title":{"rendered":"Home"},"content":{"rendered":"\t\t<div data-elementor-type=\"wp-page\" data-elementor-id=\"802\" class=\"elementor elementor-802\">\n\t\t\t\t\t\t<section class=\"elementor-section elementor-top-section elementor-element elementor-element-5e783be elementor-section-boxed elementor-section-height-default elementor-section-height-default\" data-id=\"5e783be\" data-element_type=\"section\" data-e-type=\"section\" data-settings=\"{&quot;background_background&quot;:&quot;slideshow&quot;,&quot;background_slideshow_gallery&quot;:[{&quot;id&quot;:9453,&quot;url&quot;:&quot;https:\\\/\\\/hub.ctr-l.com\\\/wp-content\\\/uploads\\\/2022\\\/03\\\/background_3.jpg&quot;},{&quot;id&quot;:9445,&quot;url&quot;:&quot;https:\\\/\\\/hub.ctr-l.com\\\/wp-content\\\/uploads\\\/2022\\\/03\\\/WhatsApp-Image-2022-03-24-at-19.13.101.jpeg&quot;}],&quot;background_slideshow_loop&quot;:&quot;yes&quot;,&quot;background_slideshow_slide_duration&quot;:5000,&quot;background_slideshow_slide_transition&quot;:&quot;fade&quot;,&quot;background_slideshow_transition_duration&quot;:500}\">\n\t\t\t\t\t\t\t<div class=\"elementor-background-overlay\"><\/div>\n\t\t\t\t\t\t\t<div class=\"elementor-container elementor-column-gap-default\">\n\t\t\t\t\t<div class=\"elementor-column elementor-col-100 elementor-top-column elementor-element elementor-element-bf5924a\" data-id=\"bf5924a\" data-element_type=\"column\" data-e-type=\"column\">\n\t\t\t<div class=\"elementor-widget-wrap elementor-element-populated\">\n\t\t\t\t\t\t<div class=\"elementor-element elementor-element-1d4e7da elementor-widget elementor-widget-rt-title-animated\" data-id=\"1d4e7da\" data-element_type=\"widget\" data-e-type=\"widget\" data-widget_type=\"rt-title-animated.default\">\n\t\t\t\t<div class=\"elementor-widget-container\">\n\t\t\t\t\t<div class=\"rt-el-title-animated\">\n\t<h1 class=\"rtin-title\"><span class=\"title-typejs\" data-options=\"{&quot;strings&quot;:[&quot;Placing Ads Has Never Been Easier!&quot;],&quot;typeSpeed&quot;:80,&quot;loop&quot;:true,&quot;showCursor&quot;:false,&quot;contentType&quot;:null}\"><\/span>&nbsp;<\/h1>\n\t\t\t<p class=\"rtin-subtitle\">Search from over 5 Milion Ad Posts for Free<\/p>\n\t<\/div>\t\t\t\t<\/div>\n\t\t\t\t<\/div>\n\t\t\t\t\t<\/div>\n\t\t<\/div>\n\t\t\t\t\t<\/div>\n\t\t<\/section>\n\t\t\t\t<section class=\"elementor-section elementor-top-section elementor-element elementor-element-79747a8 elementor-section-boxed elementor-section-height-default elementor-section-height-default\" data-id=\"79747a8\" data-element_type=\"section\" data-e-type=\"section\">\n\t\t\t\t\t\t<div class=\"elementor-container elementor-column-gap-default\">\n\t\t\t\t\t<div class=\"elementor-column elementor-col-100 elementor-top-column elementor-element elementor-element-3d52e8e\" data-id=\"3d52e8e\" data-element_type=\"column\" data-e-type=\"column\">\n\t\t\t<div class=\"elementor-widget-wrap elementor-element-populated\">\n\t\t\t\t\t\t<div class=\"elementor-element elementor-element-018fa10 elementor-widget elementor-widget-rt-title\" data-id=\"018fa10\" data-element_type=\"widget\" data-e-type=\"widget\" data-widget_type=\"rt-title.default\">\n\t\t\t\t<div class=\"elementor-widget-container\">\n\t\t\t\t\t<div class=\"rt-el-title rtin-style-3\">\n\t\t<h2 class=\"rtin-title\">Browse From Top Categories<\/h2>\n<\/div>\t\t\t\t<\/div>\n\t\t\t\t<\/div>\n\t\t\t\t\t<\/div>\n\t\t<\/div>\n\t\t\t\t\t<\/div>\n\t\t<\/section>\n\t\t\t\t<section class=\"elementor-section elementor-top-section elementor-element elementor-element-5e01fc19 elementor-section-boxed elementor-section-height-default elementor-section-height-default\" data-id=\"5e01fc19\" data-element_type=\"section\" data-e-type=\"section\">\n\t\t\t\t\t\t<div class=\"elementor-container elementor-column-gap-default\">\n\t\t\t\t\t<div class=\"elementor-column elementor-col-100 elementor-top-column elementor-element elementor-element-19eaf7e2\" data-id=\"19eaf7e2\" data-element_type=\"column\" data-e-type=\"column\">\n\t\t\t<div class=\"elementor-widget-wrap\">\n\t\t\t\t\t\t\t<\/div>\n\t\t<\/div>\n\t\t\t\t\t<\/div>\n\t\t<\/section>\n\t\t\t\t<section class=\"elementor-section elementor-top-section elementor-element elementor-element-b213dbb elementor-section-boxed elementor-section-height-default elementor-section-height-default\" data-id=\"b213dbb\" data-element_type=\"section\" data-e-type=\"section\" data-settings=\"{&quot;background_background&quot;:&quot;classic&quot;}\">\n\t\t\t\t\t\t<div class=\"elementor-container elementor-column-gap-default\">\n\t\t\t\t\t<div class=\"elementor-column elementor-col-100 elementor-top-column elementor-element elementor-element-611935a\" data-id=\"611935a\" data-element_type=\"column\" data-e-type=\"column\">\n\t\t\t<div class=\"elementor-widget-wrap elementor-element-populated\">\n\t\t\t\t\t\t<div class=\"elementor-element elementor-element-95d9697 elementor-widget elementor-widget-rt-title\" data-id=\"95d9697\" data-element_type=\"widget\" data-e-type=\"widget\" data-widget_type=\"rt-title.default\">\n\t\t\t\t<div class=\"elementor-widget-container\">\n\t\t\t\t\t<div class=\"rt-el-title rtin-style-3\">\n\t\t<h2 class=\"rtin-title\"><div id=\"alg_world_population_counter\" class=\"alg_world_population_counter\" style=\"font-size: 90px; font-weight: bold;\"><\/div><\/h2>\n<\/div>\t\t\t\t<\/div>\n\t\t\t\t<\/div>\n\t\t\t\t<div class=\"elementor-element elementor-element-5d13153 elementor-widget elementor-widget-rt-post\" data-id=\"5d13153\" data-element_type=\"widget\" data-e-type=\"widget\" data-widget_type=\"rt-post.default\">\n\t\t\t\t<div class=\"elementor-widget-container\">\n\t\t\t\t\t<div class=\"rt-el-post-2\">\n\t\t\t<div class=\"row\">\n\t\t\t\t\t\t\t<div class=\"col-md-4 col-12\">\n\t\t\t\t\t<div class=\"rtin-each\">\n\t\t\t\t\t\t\t\t\t\t\t\t\t<div class=\"post-thumbnail\">\n\t\t\t\t\t\t\t\t<a href=\"https:\/\/hub.ctr-l.com\/?p=7089\"><img fetchpriority=\"high\" decoding=\"async\" width=\"450\" height=\"260\" src=\"https:\/\/hub.ctr-l.com\/wp-content\/uploads\/2021\/02\/4081-450x260.jpg\" class=\"attachment-rdtheme-size2 size-rdtheme-size2 wp-post-image\" alt=\"\" \/><\/a>\n\t\t\t\t\t\t\t<\/div>\n\t\t\t\t\t\t\n\t\t\t\t\t\t<div class=\"rtin-content-area\">\n\t\t\t\t\t\t\t<ul class=\"post-meta\">\n\t\t\t\t\t\t\t\t<li>\u015eubat 10, 2021<\/li>\n\t\t\t\t\t\t\t\t\t\t\t\t\t\t\t\t\t<li> \/ <a href=\"https:\/\/hub.ctr-l.com\/?author=1\" title=\"hubctrl taraf\u0131ndan yaz\u0131lan yaz\u0131lar\" rel=\"author\">hubctrl<\/a><\/li>\n\t\t\t\t\t\t\t\t\t\t\t\t\t\t\t<\/ul>\n\t\t\t\t\t\t\t<h3 class=\"post-title\"><a href=\"https:\/\/hub.ctr-l.com\/?p=7089\">Idaho Top Categories<\/a><\/h3>\n\t\t\t\t\t\t<\/div>\n\n\t\t\t\t\t<\/div>\n\t\t\t\t<\/div>\n\t\t\t\t\t\t\t<div class=\"col-md-4 col-12\">\n\t\t\t\t\t<div class=\"rtin-each\">\n\t\t\t\t\t\t\t\t\t\t\t\t\t<div class=\"post-thumbnail\">\n\t\t\t\t\t\t\t\t<a href=\"https:\/\/hub.ctr-l.com\/?p=7087\"><img fetchpriority=\"high\" decoding=\"async\" width=\"450\" height=\"260\" src=\"https:\/\/hub.ctr-l.com\/wp-content\/uploads\/2021\/02\/4081-450x260.jpg\" class=\"attachment-rdtheme-size2 size-rdtheme-size2 wp-post-image\" alt=\"\" \/><\/a>\n\t\t\t\t\t\t\t<\/div>\n\t\t\t\t\t\t\n\t\t\t\t\t\t<div class=\"rtin-content-area\">\n\t\t\t\t\t\t\t<ul class=\"post-meta\">\n\t\t\t\t\t\t\t\t<li>\u015eubat 10, 2021<\/li>\n\t\t\t\t\t\t\t\t\t\t\t\t\t\t\t\t\t<li> \/ <a href=\"https:\/\/hub.ctr-l.com\/?author=1\" title=\"hubctrl taraf\u0131ndan yaz\u0131lan yaz\u0131lar\" rel=\"author\">hubctrl<\/a><\/li>\n\t\t\t\t\t\t\t\t\t\t\t\t\t\t\t<\/ul>\n\t\t\t\t\t\t\t<h3 class=\"post-title\"><a href=\"https:\/\/hub.ctr-l.com\/?p=7087\">Hawaii Top Categories<\/a><\/h3>\n\t\t\t\t\t\t<\/div>\n\n\t\t\t\t\t<\/div>\n\t\t\t\t<\/div>\n\t\t\t\t\t\t\t<div class=\"col-md-4 col-12\">\n\t\t\t\t\t<div class=\"rtin-each\">\n\t\t\t\t\t\t\t\t\t\t\t\t\t<div class=\"post-thumbnail\">\n\t\t\t\t\t\t\t\t<a href=\"https:\/\/hub.ctr-l.com\/?p=7085\"><img fetchpriority=\"high\" decoding=\"async\" width=\"450\" height=\"260\" src=\"https:\/\/hub.ctr-l.com\/wp-content\/uploads\/2021\/02\/4081-450x260.jpg\" class=\"attachment-rdtheme-size2 size-rdtheme-size2 wp-post-image\" alt=\"\" \/><\/a>\n\t\t\t\t\t\t\t<\/div>\n\t\t\t\t\t\t\n\t\t\t\t\t\t<div class=\"rtin-content-area\">\n\t\t\t\t\t\t\t<ul class=\"post-meta\">\n\t\t\t\t\t\t\t\t<li>\u015eubat 10, 2021<\/li>\n\t\t\t\t\t\t\t\t\t\t\t\t\t\t\t\t\t<li> \/ <a href=\"https:\/\/hub.ctr-l.com\/?author=1\" title=\"hubctrl taraf\u0131ndan yaz\u0131lan yaz\u0131lar\" rel=\"author\">hubctrl<\/a><\/li>\n\t\t\t\t\t\t\t\t\t\t\t\t\t\t\t<\/ul>\n\t\t\t\t\t\t\t<h3 class=\"post-title\"><a href=\"https:\/\/hub.ctr-l.com\/?p=7085\">Georgia Top Categories<\/a><\/h3>\n\t\t\t\t\t\t<\/div>\n\n\t\t\t\t\t<\/div>\n\t\t\t\t<\/div>\n\t\t\t\t\t<\/div>\n\t\t\n\t\t\t\t\n\t\t<\/div>\t\t\t\t<\/div>\n\t\t\t\t<\/div>\n\t\t\t\t\t<\/div>\n\t\t<\/div>\n\t\t\t\t\t<\/div>\n\t\t<\/section>\n\t\t\t\t<section class=\"elementor-section elementor-top-section elementor-element elementor-element-90df25e elementor-section-boxed elementor-section-height-default elementor-section-height-default\" data-id=\"90df25e\" data-element_type=\"section\" data-e-type=\"section\">\n\t\t\t\t\t\t<div class=\"elementor-container elementor-column-gap-default\">\n\t\t\t\t\t<div class=\"elementor-column elementor-col-100 elementor-top-column elementor-element elementor-element-6b375b6\" data-id=\"6b375b6\" data-element_type=\"column\" data-e-type=\"column\">\n\t\t\t<div class=\"elementor-widget-wrap elementor-element-populated\">\n\t\t\t\t\t\t<div class=\"elementor-element elementor-element-d4a3abe elementor-widget elementor-widget-heading\" data-id=\"d4a3abe\" data-element_type=\"widget\" data-e-type=\"widget\" data-widget_type=\"heading.default\">\n\t\t\t\t<div class=\"elementor-widget-container\">\n\t\t\t\t\t<h2 class=\"elementor-heading-title elementor-size-default\"><a href=\"https:\/\/ctr-l.com\/2\/\">Add Your<\/a><\/h2>\t\t\t\t<\/div>\n\t\t\t\t<\/div>\n\t\t\t\t<div class=\"elementor-element elementor-element-b589f37 elementor-widget elementor-widget-heading\" data-id=\"b589f37\" data-element_type=\"widget\" data-e-type=\"widget\" data-widget_type=\"heading.default\">\n\t\t\t\t<div class=\"elementor-widget-container\">\n\t\t\t\t\t<h2 class=\"elementor-heading-title elementor-size-default\"><a href=\"https:\/\/ctr-l.com\/2\/1\/\">Add Your<\/a><\/h2>\t\t\t\t<\/div>\n\t\t\t\t<\/div>\n\t\t\t\t\t<\/div>\n\t\t<\/div>\n\t\t\t\t\t<\/div>\n\t\t<\/section>\n\t\t\t\t<\/div>\n\t\t","protected":false},"excerpt":{"rendered":"<p>&nbsp; Search from over 5 Milion Ad Posts for Free Browse From Top Categories July 20, 2024 \/ hubctrl November 20, 2022 \/ hubctrl February 11, 2021 \/ hubctrl Add Your Add Your<\/p>\n","protected":false},"author":1,"featured_media":0,"parent":0,"menu_order":0,"comment_status":"closed","ping_status":"closed","template":"templates\/blank.php","meta":{"footnotes":""},"class_list":["post-802","page","type-page","status-publish","hentry"],"_links":{"self":[{"href":"https:\/\/hub.ctr-l.com\/index.php?rest_route=\/wp\/v2\/pages\/802","targetHints":{"allow":["GET"]}}],"collection":[{"href":"https:\/\/hub.ctr-l.com\/index.php?rest_route=\/wp\/v2\/pages"}],"about":[{"href":"https:\/\/hub.ctr-l.com\/index.php?rest_route=\/wp\/v2\/types\/page"}],"author":[{"embeddable":true,"href":"https:\/\/hub.ctr-l.com\/index.php?rest_route=\/wp\/v2\/users\/1"}],"replies":[{"embeddable":true,"href":"https:\/\/hub.ctr-l.com\/index.php?rest_route=%2Fwp%2Fv2%2Fcomments&post=802"}],"version-history":[{"count":63,"href":"https:\/\/hub.ctr-l.com\/index.php?rest_route=\/wp\/v2\/pages\/802\/revisions"}],"predecessor-version":[{"id":9582,"href":"https:\/\/hub.ctr-l.com\/index.php?rest_route=\/wp\/v2\/pages\/802\/revisions\/9582"}],"wp:attachment":[{"href":"https:\/\/hub.ctr-l.com\/index.php?rest_route=%2Fwp%2Fv2%2Fmedia&parent=802"}],"curies":[{"name":"wp","href":"https:\/\/api.w.org\/{rel}","templated":true}]}}